{"id":5764,"date":"2018-09-26T14:42:11","date_gmt":"2018-09-26T12:42:11","guid":{"rendered":"http:\/\/mdc1060.brussels\/contact\/"},"modified":"2022-02-15T13:26:05","modified_gmt":"2022-02-15T12:26:05","slug":"contact","status":"publish","type":"page","link":"https:\/\/mdc1060.brussels\/nl\/contact\/","title":{"rendered":"Contact"},"content":{"rendered":"\t\t<div data-elementor-type=\"wp-post\" data-elementor-id=\"5764\" class=\"elementor elementor-5764 elementor-2028\" data-elementor-post-type=\"page\">\n\t\t\t\t\t\t<section class=\"has_eae_slider elementor-section elementor-top-section elementor-element elementor-element-e1f2c20 elementor-section-content-middle elementor-section-boxed elementor-section-height-default elementor-section-height-default\" data-eae-slider=\"18483\" data-id=\"e1f2c20\" data-element_type=\"section\" data-settings=\"{&quot;background_background&quot;:&quot;classic&quot;}\">\n\t\t\t\t\t\t<div class=\"elementor-container elementor-column-gap-no\">\n\t\t\t\t\t<div class=\"has_eae_slider elementor-column elementor-col-100 elementor-top-column elementor-element elementor-element-2591cb4\" data-eae-slider=\"17813\" data-id=\"2591cb4\" data-element_type=\"column\">\n\t\t\t<div class=\"elementor-widget-wrap elementor-element-populated\">\n\t\t\t\t\t\t<div class=\"elementor-element elementor-element-4356707 elementor-invisible elementor-widget elementor-widget-heading\" data-id=\"4356707\" data-element_type=\"widget\" data-settings=\"{&quot;_animation&quot;:&quot;fadeInUp&quot;}\" data-widget_type=\"heading.default\">\n\t\t\t\t<div class=\"elementor-widget-container\">\n\t\t\t\t\t<h1 class=\"elementor-heading-title elementor-size-default\">Contact<\/h1>\t\t\t\t<\/div>\n\t\t\t\t<\/div>\n\t\t\t\t<div class=\"elementor-element elementor-element-0332902 elementor-invisible elementor-widget elementor-widget-heading\" data-id=\"0332902\" data-element_type=\"widget\" data-settings=\"{&quot;_animation&quot;:&quot;fadeIn&quot;}\" data-widget_type=\"heading.default\">\n\t\t\t\t<div class=\"elementor-widget-container\">\n\t\t\t\t\t<h5 class=\"elementor-heading-title elementor-size-default\">Huis van Culturen van Sint-Gillis<\/h5>\t\t\t\t<\/div>\n\t\t\t\t<\/div>\n\t\t\t\t\t<\/div>\n\t\t<\/div>\n\t\t\t\t\t<\/div>\n\t\t<\/section>\n\t\t\t\t<section class=\"has_eae_slider elementor-section elementor-top-section elementor-element elementor-element-f8438e1 elementor-section-boxed elementor-section-height-default elementor-section-height-default\" data-eae-slider=\"24299\" data-id=\"f8438e1\" data-element_type=\"section\" data-settings=\"{&quot;background_background&quot;:&quot;classic&quot;,&quot;shape_divider_top&quot;:&quot;tilt&quot;}\">\n\t\t\t\t\t<div class=\"elementor-shape elementor-shape-top\" aria-hidden=\"true\" data-negative=\"false\">\n\t\t\t<svg xmlns=\"http:\/\/www.w3.org\/2000\/svg\" viewBox=\"0 0 1000 100\" preserveAspectRatio=\"none\">\n\t<path class=\"elementor-shape-fill\" d=\"M0,6V0h1000v100L0,6z\"\/>\n<\/svg>\t\t<\/div>\n\t\t\t\t\t<div class=\"elementor-container elementor-column-gap-default\">\n\t\t\t\t\t<div class=\"has_eae_slider elementor-column elementor-col-50 elementor-top-column elementor-element elementor-element-2140471\" data-eae-slider=\"37502\" data-id=\"2140471\" data-element_type=\"column\" data-settings=\"{&quot;background_background&quot;:&quot;classic&quot;}\">\n\t\t\t<div class=\"elementor-widget-wrap elementor-element-populated\">\n\t\t\t\t\t\t<div class=\"elementor-element elementor-element-c58bdef elementor-widget-divider--view-line elementor-widget elementor-widget-divider\" data-id=\"c58bdef\" data-element_type=\"widget\" data-widget_type=\"divider.default\">\n\t\t\t\t<div class=\"elementor-widget-container\">\n\t\t\t\t\t\t\t<div class=\"elementor-divider\">\n\t\t\t<span class=\"elementor-divider-separator\">\n\t\t\t\t\t\t<\/span>\n\t\t<\/div>\n\t\t\t\t\t\t<\/div>\n\t\t\t\t<\/div>\n\t\t\t\t<div class=\"elementor-element elementor-element-1d44205 elementor-widget elementor-widget-heading\" data-id=\"1d44205\" data-element_type=\"widget\" data-widget_type=\"heading.default\">\n\t\t\t\t<div class=\"elementor-widget-container\">\n\t\t\t\t\t<h2 class=\"elementor-heading-title elementor-size-default\">Adres<\/h2>\t\t\t\t<\/div>\n\t\t\t\t<\/div>\n\t\t\t\t<div class=\"elementor-element elementor-element-e1bb10e elementor-widget elementor-widget-text-editor\" data-id=\"e1bb10e\" data-element_type=\"widget\" data-widget_type=\"text-editor.default\">\n\t\t\t\t<div class=\"elementor-widget-container\">\n\t\t\t\t\t\t\t\t\t<p><strong>Huis van Culturen <br \/>van Sint-Gillis<\/strong><\/p><p>Belgradostraat, 120<br \/>1060 Sint-Gillis<br \/>Telefoon : 02 850 44 18<\/p><p><a href=\"mailto:huisvanculturen@stgillis.brussels\">huisvanculture@stgillis.brussels<\/a><\/p>\t\t\t\t\t\t\t\t<\/div>\n\t\t\t\t<\/div>\n\t\t\t\t\t<\/div>\n\t\t<\/div>\n\t\t\t\t<div class=\"has_eae_slider elementor-column elementor-col-50 elementor-top-column elementor-element elementor-element-ce3b5b6\" data-eae-slider=\"190\" data-id=\"ce3b5b6\" data-element_type=\"column\" data-settings=\"{&quot;background_background&quot;:&quot;classic&quot;}\">\n\t\t\t<div class=\"elementor-widget-wrap elementor-element-populated\">\n\t\t\t\t\t\t<div class=\"elementor-element elementor-element-8c2f79c elementor-widget-divider--view-line elementor-widget elementor-widget-divider\" data-id=\"8c2f79c\" data-element_type=\"widget\" data-widget_type=\"divider.default\">\n\t\t\t\t<div class=\"elementor-widget-container\">\n\t\t\t\t\t\t\t<div class=\"elementor-divider\">\n\t\t\t<span class=\"elementor-divider-separator\">\n\t\t\t\t\t\t<\/span>\n\t\t<\/div>\n\t\t\t\t\t\t<\/div>\n\t\t\t\t<\/div>\n\t\t\t\t<div class=\"elementor-element elementor-element-f293fe2 elementor-widget elementor-widget-heading\" data-id=\"f293fe2\" data-element_type=\"widget\" data-widget_type=\"heading.default\">\n\t\t\t\t<div class=\"elementor-widget-container\">\n\t\t\t\t\t<h2 class=\"elementor-heading-title elementor-size-default\">Bereikbaarheid<\/h2>\t\t\t\t<\/div>\n\t\t\t\t<\/div>\n\t\t\t\t<div class=\"elementor-element elementor-element-5add149 elementor-widget elementor-widget-text-editor\" data-id=\"5add149\" data-element_type=\"widget\" data-widget_type=\"text-editor.default\">\n\t\t\t\t<div class=\"elementor-widget-container\">\n\t\t\t\t\t\t\t\t\t<p><strong>Bus<\/strong> : 49, 50<br \/><strong>Tram <\/strong>: 32, 81, 82<br \/><strong>Trein<\/strong> : Zuidstation<br \/>Toegankelijk voor mensen met beperkte mobiliteit<\/p>\t\t\t\t\t\t\t\t<\/div>\n\t\t\t\t<\/div>\n\t\t\t\t\t<\/div>\n\t\t<\/div>\n\t\t\t\t\t<\/div>\n\t\t<\/section>\n\t\t\t\t<section class=\"has_eae_slider elementor-section elementor-top-section elementor-element elementor-element-beac465 elementor-section-boxed elementor-section-height-default elementor-section-height-default\" data-eae-slider=\"96850\" data-id=\"beac465\" data-element_type=\"section\" data-settings=\"{&quot;background_background&quot;:&quot;classic&quot;}\">\n\t\t\t\t\t\t<div class=\"elementor-container elementor-column-gap-default\">\n\t\t\t\t\t<div class=\"has_eae_slider elementor-column elementor-col-100 elementor-top-column elementor-element elementor-element-cc79e4b\" data-eae-slider=\"41179\" data-id=\"cc79e4b\" data-element_type=\"column\" data-settings=\"{&quot;background_background&quot;:&quot;classic&quot;}\">\n\t\t\t<div class=\"elementor-widget-wrap elementor-element-populated\">\n\t\t\t\t\t\t<div class=\"elementor-element elementor-element-460a140 elementor-widget-divider--view-line elementor-widget elementor-widget-divider\" data-id=\"460a140\" data-element_type=\"widget\" data-widget_type=\"divider.default\">\n\t\t\t\t<div class=\"elementor-widget-container\">\n\t\t\t\t\t\t\t<div class=\"elementor-divider\">\n\t\t\t<span class=\"elementor-divider-separator\">\n\t\t\t\t\t\t<\/span>\n\t\t<\/div>\n\t\t\t\t\t\t<\/div>\n\t\t\t\t<\/div>\n\t\t\t\t<div class=\"elementor-element elementor-element-21f19ce elementor-widget elementor-widget-heading\" data-id=\"21f19ce\" data-element_type=\"widget\" data-widget_type=\"heading.default\">\n\t\t\t\t<div class=\"elementor-widget-container\">\n\t\t\t\t\t<h2 class=\"elementor-heading-title elementor-size-default\">Kaart<\/h2>\t\t\t\t<\/div>\n\t\t\t\t<\/div>\n\t\t\t\t<div class=\"elementor-element elementor-element-a1a63b6 elementor-widget elementor-widget-wts-gmap\" data-id=\"a1a63b6\" data-element_type=\"widget\" data-widget_type=\"wts-gmap.default\">\n\t\t\t\t<div class=\"elementor-widget-container\">\n\t\t\t\t\t\t\t\t<div class=\"eae-markers\" data-zoom=\"15\" data-style=\"[\n    {\n        &quot;featureType&quot;: &quot;all&quot;,\n        &quot;elementType&quot;: &quot;labels.text.fill&quot;,\n        &quot;stylers&quot;: [\n            {\n                &quot;saturation&quot;: 36\n            },\n            {\n                &quot;color&quot;: &quot;#e54a16&quot;\n            },\n            {\n                &quot;lightness&quot;: 40\n            }\n        ]\n    },\n    {\n        &quot;featureType&quot;: &quot;all&quot;,\n        &quot;elementType&quot;: &quot;labels.text.stroke&quot;,\n        &quot;stylers&quot;: [\n            {\n                &quot;visibility&quot;: &quot;on&quot;\n            },\n            {\n                &quot;color&quot;: &quot;#ffffff&quot;\n            },\n            {\n                &quot;lightness&quot;: 16\n            }\n        ]\n    },\n    {\n        &quot;featureType&quot;: &quot;all&quot;,\n        &quot;elementType&quot;: &quot;labels.icon&quot;,\n        &quot;stylers&quot;: [\n            {\n                &quot;visibility&quot;: &quot;off&quot;\n            }\n        ]\n    },\n    {\n        &quot;featureType&quot;: &quot;administrative&quot;,\n        &quot;elementType&quot;: &quot;geometry.fill&quot;,\n        &quot;stylers&quot;: [\n            {\n                &quot;color&quot;: &quot;#fefefe&quot;\n            },\n            {\n                &quot;lightness&quot;: 20\n            }\n        ]\n    },\n    {\n        &quot;featureType&quot;: &quot;administrative&quot;,\n        &quot;elementType&quot;: &quot;geometry.stroke&quot;,\n        &quot;stylers&quot;: [\n            {\n                &quot;color&quot;: &quot;#fefefe&quot;\n            },\n            {\n                &quot;lightness&quot;: 17\n            },\n            {\n                &quot;weight&quot;: 1.2\n            }\n        ]\n    },\n    {\n        &quot;featureType&quot;: &quot;administrative.locality&quot;,\n        &quot;elementType&quot;: &quot;labels.text.fill&quot;,\n        &quot;stylers&quot;: [\n            {\n                &quot;color&quot;: &quot;#fa3f44&quot;\n            }\n        ]\n    },\n    {\n        &quot;featureType&quot;: &quot;landscape&quot;,\n        &quot;elementType&quot;: &quot;geometry&quot;,\n        &quot;stylers&quot;: [\n            {\n                &quot;color&quot;: &quot;#ffffff&quot;\n            }\n        ]\n    },\n    {\n        &quot;featureType&quot;: &quot;poi&quot;,\n        &quot;elementType&quot;: &quot;geometry&quot;,\n        &quot;stylers&quot;: [\n            {\n                &quot;color&quot;: &quot;#f5f5f5&quot;\n            },\n            {\n                &quot;lightness&quot;: 21\n            }\n        ]\n    },\n    {\n        &quot;featureType&quot;: &quot;poi.park&quot;,\n        &quot;elementType&quot;: &quot;geometry&quot;,\n        &quot;stylers&quot;: [\n            {\n                &quot;color&quot;: &quot;#dedede&quot;\n            },\n            {\n                &quot;lightness&quot;: 21\n            }\n        ]\n    },\n    {\n        &quot;featureType&quot;: &quot;road.highway&quot;,\n        &quot;elementType&quot;: &quot;geometry.fill&quot;,\n        &quot;stylers&quot;: [\n            {\n                &quot;color&quot;: &quot;#fa3f44&quot;\n            },\n            {\n                &quot;lightness&quot;: 17\n            }\n        ]\n    },\n    {\n        &quot;featureType&quot;: &quot;road.highway&quot;,\n        &quot;elementType&quot;: &quot;geometry.stroke&quot;,\n        &quot;stylers&quot;: [\n            {\n                &quot;color&quot;: &quot;#ffffff&quot;\n            },\n            {\n                &quot;lightness&quot;: 29\n            },\n            {\n                &quot;weight&quot;: 0.2\n            }\n        ]\n    },\n    {\n        &quot;featureType&quot;: &quot;road.arterial&quot;,\n        &quot;elementType&quot;: &quot;geometry&quot;,\n        &quot;stylers&quot;: [\n            {\n                &quot;color&quot;: &quot;#ffffff&quot;\n            },\n            {\n                &quot;lightness&quot;: 18\n            }\n        ]\n    },\n    {\n        &quot;featureType&quot;: &quot;road.local&quot;,\n        &quot;elementType&quot;: &quot;geometry&quot;,\n        &quot;stylers&quot;: [\n            {\n                &quot;color&quot;: &quot;#ffffff&quot;\n            },\n            {\n                &quot;lightness&quot;: 16\n            }\n        ]\n    },\n    {\n        &quot;featureType&quot;: &quot;transit&quot;,\n        &quot;elementType&quot;: &quot;geometry&quot;,\n        &quot;stylers&quot;: [\n            {\n                &quot;color&quot;: &quot;#f2f2f2&quot;\n            },\n            {\n                &quot;lightness&quot;: 19\n            }\n        ]\n    },\n    {\n        &quot;featureType&quot;: &quot;water&quot;,\n        &quot;elementType&quot;: &quot;geometry&quot;,\n        &quot;stylers&quot;: [\n            {\n                &quot;color&quot;: &quot;#e9e9e9&quot;\n            },\n            {\n                &quot;lightness&quot;: 17\n            }\n        ]\n    }\n]\" data-animate=\"animate-\">\n\t\t\t\t\t\t\t<div class=\"marker\" data-lng=\"4.332131\" data-lat=\"50.830532\" data-icon=\"\" data-icon-size=\"115\" data-info-window=\"no\">\n\t\t\t\t\t<p><strong>Maison des Cultures de Saint-Gilles<\/strong><\/p><p>120 rue de Belgrade, 1060 Saint-Gilles<\/p>\t\t\t\t<\/div>\n\t\t\t\t\t\t\t<\/div>\n\t\t\t\t\t\t\t<\/div>\n\t\t\t\t<\/div>\n\t\t\t\t\t<\/div>\n\t\t<\/div>\n\t\t\t\t\t<\/div>\n\t\t<\/section>\n\t\t\t\t<section class=\"has_eae_slider elementor-section elementor-top-section elementor-element elementor-element-3965b0a elementor-section-boxed elementor-section-height-default elementor-section-height-default\" data-eae-slider=\"86852\" data-id=\"3965b0a\" data-element_type=\"section\" data-settings=\"{&quot;background_background&quot;:&quot;classic&quot;}\">\n\t\t\t\t\t\t<div class=\"elementor-container elementor-column-gap-default\">\n\t\t\t\t\t<div class=\"has_eae_slider elementor-column elementor-col-50 elementor-top-column elementor-element elementor-element-386cca7\" data-eae-slider=\"10142\" data-id=\"386cca7\" data-element_type=\"column\" data-settings=\"{&quot;background_background&quot;:&quot;classic&quot;}\">\n\t\t\t<div class=\"elementor-widget-wrap elementor-element-populated\">\n\t\t\t\t\t\t<div class=\"elementor-element elementor-element-88214a4 elementor-widget-divider--view-line elementor-widget elementor-widget-divider\" data-id=\"88214a4\" data-element_type=\"widget\" data-widget_type=\"divider.default\">\n\t\t\t\t<div class=\"elementor-widget-container\">\n\t\t\t\t\t\t\t<div class=\"elementor-divider\">\n\t\t\t<span class=\"elementor-divider-separator\">\n\t\t\t\t\t\t<\/span>\n\t\t<\/div>\n\t\t\t\t\t\t<\/div>\n\t\t\t\t<\/div>\n\t\t\t\t<div class=\"elementor-element elementor-element-73d30e2 elementor-widget elementor-widget-heading\" data-id=\"73d30e2\" data-element_type=\"widget\" data-widget_type=\"heading.default\">\n\t\t\t\t<div class=\"elementor-widget-container\">\n\t\t\t\t\t<h2 class=\"elementor-heading-title elementor-size-default\">Hoofdkantoor<\/h2>\t\t\t\t<\/div>\n\t\t\t\t<\/div>\n\t\t\t\t<div class=\"elementor-element elementor-element-ceee877 elementor-widget elementor-widget-text-editor\" data-id=\"ceee877\" data-element_type=\"widget\" data-widget_type=\"text-editor.default\">\n\t\t\t\t<div class=\"elementor-widget-container\">\n\t\t\t\t\t\t\t\t\t<p><strong>Gemeente van Sint-Gillis<\/strong><\/p><p>Maurice Van Meenenplaats, 39<br \/>1060 Sint-Gillis<br \/>02 536 02 11<br \/><a href=\"mailto:contact.1060@stgilles.brussels\">contact:1060@stgillis.brussels<\/a><br \/>Ondernemings-\/btw-nummer: 0207.367.588<\/p><p><strong>Bankgegevens<\/strong> <br \/>IBAN : BE53 0910 0017 70<\/p>\t\t\t\t\t\t\t\t<\/div>\n\t\t\t\t<\/div>\n\t\t\t\t\t<\/div>\n\t\t<\/div>\n\t\t\t\t<div class=\"has_eae_slider elementor-column elementor-col-50 elementor-top-column elementor-element elementor-element-ef88ae4\" data-eae-slider=\"63783\" data-id=\"ef88ae4\" data-element_type=\"column\" data-settings=\"{&quot;background_background&quot;:&quot;classic&quot;}\">\n\t\t\t<div class=\"elementor-widget-wrap elementor-element-populated\">\n\t\t\t\t\t\t\t<\/div>\n\t\t<\/div>\n\t\t\t\t\t<\/div>\n\t\t<\/section>\n\t\t\t\t<\/div>\n\t\t","protected":false},"excerpt":{"rendered":"<p>Contact Huis van Culturen van Sint-Gillis Adres Huis van Culturen van Sint-Gillis Belgradostraat, 1201060 Sint-GillisTelefoon : 02 850 44 18 huisvanculture@stgillis.brussels Bereikbaarheid Bus : 49, 50Tram : 32, 81, 82Trein : ZuidstationToegankelijk voor mensen met beperkte mobiliteit Kaart Maison des Cultures de Saint-Gilles 120 rue de Belgrade, 1060 Saint-Gilles Hoofdkantoor [&hellip;]<\/p>\n","protected":false},"author":2,"featured_media":0,"parent":0,"menu_order":0,"comment_status":"closed","ping_status":"closed","template":"elementor_header_footer","meta":{"_vp_format_video_url":"","_vp_image_focal_point":[],"footnotes":""},"class_list":["post-5764","page","type-page","status-publish","hentry"],"yoast_head":"<!-- This site is optimized with the Yoast SEO plugin v26.3 - https:\/\/yoast.com\/wordpress\/plugins\/seo\/ -->\n<title>Contact Huis van Culturen Sint-Gillis - HELLO<\/title>\n<meta name=\"description\" content=\"Contact Huis van Culturen Sint-Gillis. Belgradostraat, 120 in 1060 Sint-Gillis. Telefoon : 02 850 44 18 - maisondescultures@stgilles.brussels\" \/>\n<meta name=\"robots\" content=\"index, follow, max-snippet:-1, max-image-preview:large, max-video-preview:-1\" \/>\n<link rel=\"canonical\" href=\"https:\/\/mdc1060.brussels\/nl\/contact\/\" \/>\n<meta property=\"og:locale\" content=\"nl_NL\" \/>\n<meta property=\"og:type\" content=\"article\" \/>\n<meta property=\"og:title\" content=\"Contact Huis van Culturen Sint-Gillis - HELLO\" \/>\n<meta property=\"og:description\" content=\"Contact Huis van Culturen Sint-Gillis. Belgradostraat, 120 in 1060 Sint-Gillis. Telefoon : 02 850 44 18 - maisondescultures@stgilles.brussels\" \/>\n<meta property=\"og:url\" content=\"https:\/\/mdc1060.brussels\/nl\/contact\/\" \/>\n<meta property=\"og:site_name\" content=\"Maison des Cultures de Saint-Gilles\" \/>\n<meta property=\"article:publisher\" content=\"https:\/\/www.facebook.com\/Maisondesculturesdesaintgilles\" \/>\n<meta property=\"article:modified_time\" content=\"2022-02-15T12:26:05+00:00\" \/>\n<meta name=\"twitter:card\" content=\"summary_large_image\" \/>\n<script type=\"application\/ld+json\" class=\"yoast-schema-graph\">{\"@context\":\"https:\/\/schema.org\",\"@graph\":[{\"@type\":\"WebPage\",\"@id\":\"https:\/\/mdc1060.brussels\/nl\/contact\/\",\"url\":\"https:\/\/mdc1060.brussels\/nl\/contact\/\",\"name\":\"Contact Huis van Culturen Sint-Gillis - HELLO\",\"isPartOf\":{\"@id\":\"https:\/\/mdc1060.brussels\/nl\/#website\"},\"datePublished\":\"2018-09-26T12:42:11+00:00\",\"dateModified\":\"2022-02-15T12:26:05+00:00\",\"description\":\"Contact Huis van Culturen Sint-Gillis. Belgradostraat, 120 in 1060 Sint-Gillis. Telefoon : 02 850 44 18 - maisondescultures@stgilles.brussels\",\"breadcrumb\":{\"@id\":\"https:\/\/mdc1060.brussels\/nl\/contact\/#breadcrumb\"},\"inLanguage\":\"nl-NL\",\"potentialAction\":[{\"@type\":\"ReadAction\",\"target\":[\"https:\/\/mdc1060.brussels\/nl\/contact\/\"]}]},{\"@type\":\"BreadcrumbList\",\"@id\":\"https:\/\/mdc1060.brussels\/nl\/contact\/#breadcrumb\",\"itemListElement\":[{\"@type\":\"ListItem\",\"position\":1,\"name\":\"Accueil\",\"item\":\"https:\/\/mdc1060.brussels\/nl\/\"},{\"@type\":\"ListItem\",\"position\":2,\"name\":\"Contact\"}]},{\"@type\":\"WebSite\",\"@id\":\"https:\/\/mdc1060.brussels\/nl\/#website\",\"url\":\"https:\/\/mdc1060.brussels\/nl\/\",\"name\":\"Maison des Cultures de Saint-Gilles\",\"description\":\"Concerts, th\u00e9\u00e2tre, danse, cirque, r\u00e9sidences, expos, ateliers, stages...\",\"potentialAction\":[{\"@type\":\"SearchAction\",\"target\":{\"@type\":\"EntryPoint\",\"urlTemplate\":\"https:\/\/mdc1060.brussels\/nl\/?s={search_term_string}\"},\"query-input\":{\"@type\":\"PropertyValueSpecification\",\"valueRequired\":true,\"valueName\":\"search_term_string\"}}],\"inLanguage\":\"nl-NL\"}]}<\/script>\n<!-- \/ Yoast SEO plugin. -->","yoast_head_json":{"title":"Contact Huis van Culturen Sint-Gillis - HELLO","description":"Contact Huis van Culturen Sint-Gillis. Belgradostraat, 120 in 1060 Sint-Gillis. Telefoon : 02 850 44 18 - maisondescultures@stgilles.brussels","robots":{"index":"index","follow":"follow","max-snippet":"max-snippet:-1","max-image-preview":"max-image-preview:large","max-video-preview":"max-video-preview:-1"},"canonical":"https:\/\/mdc1060.brussels\/nl\/contact\/","og_locale":"nl_NL","og_type":"article","og_title":"Contact Huis van Culturen Sint-Gillis - HELLO","og_description":"Contact Huis van Culturen Sint-Gillis. Belgradostraat, 120 in 1060 Sint-Gillis. Telefoon : 02 850 44 18 - maisondescultures@stgilles.brussels","og_url":"https:\/\/mdc1060.brussels\/nl\/contact\/","og_site_name":"Maison des Cultures de Saint-Gilles","article_publisher":"https:\/\/www.facebook.com\/Maisondesculturesdesaintgilles","article_modified_time":"2022-02-15T12:26:05+00:00","twitter_card":"summary_large_image","schema":{"@context":"https:\/\/schema.org","@graph":[{"@type":"WebPage","@id":"https:\/\/mdc1060.brussels\/nl\/contact\/","url":"https:\/\/mdc1060.brussels\/nl\/contact\/","name":"Contact Huis van Culturen Sint-Gillis - HELLO","isPartOf":{"@id":"https:\/\/mdc1060.brussels\/nl\/#website"},"datePublished":"2018-09-26T12:42:11+00:00","dateModified":"2022-02-15T12:26:05+00:00","description":"Contact Huis van Culturen Sint-Gillis. Belgradostraat, 120 in 1060 Sint-Gillis. Telefoon : 02 850 44 18 - maisondescultures@stgilles.brussels","breadcrumb":{"@id":"https:\/\/mdc1060.brussels\/nl\/contact\/#breadcrumb"},"inLanguage":"nl-NL","potentialAction":[{"@type":"ReadAction","target":["https:\/\/mdc1060.brussels\/nl\/contact\/"]}]},{"@type":"BreadcrumbList","@id":"https:\/\/mdc1060.brussels\/nl\/contact\/#breadcrumb","itemListElement":[{"@type":"ListItem","position":1,"name":"Accueil","item":"https:\/\/mdc1060.brussels\/nl\/"},{"@type":"ListItem","position":2,"name":"Contact"}]},{"@type":"WebSite","@id":"https:\/\/mdc1060.brussels\/nl\/#website","url":"https:\/\/mdc1060.brussels\/nl\/","name":"Maison des Cultures de Saint-Gilles","description":"Concerts, th\u00e9\u00e2tre, danse, cirque, r\u00e9sidences, expos, ateliers, stages...","potentialAction":[{"@type":"SearchAction","target":{"@type":"EntryPoint","urlTemplate":"https:\/\/mdc1060.brussels\/nl\/?s={search_term_string}"},"query-input":{"@type":"PropertyValueSpecification","valueRequired":true,"valueName":"search_term_string"}}],"inLanguage":"nl-NL"}]}},"_links":{"self":[{"href":"https:\/\/mdc1060.brussels\/nl\/wp-json\/wp\/v2\/pages\/5764","targetHints":{"allow":["GET"]}}],"collection":[{"href":"https:\/\/mdc1060.brussels\/nl\/wp-json\/wp\/v2\/pages"}],"about":[{"href":"https:\/\/mdc1060.brussels\/nl\/wp-json\/wp\/v2\/types\/page"}],"author":[{"embeddable":true,"href":"https:\/\/mdc1060.brussels\/nl\/wp-json\/wp\/v2\/users\/2"}],"replies":[{"embeddable":true,"href":"https:\/\/mdc1060.brussels\/nl\/wp-json\/wp\/v2\/comments?post=5764"}],"version-history":[{"count":15,"href":"https:\/\/mdc1060.brussels\/nl\/wp-json\/wp\/v2\/pages\/5764\/revisions"}],"predecessor-version":[{"id":13496,"href":"https:\/\/mdc1060.brussels\/nl\/wp-json\/wp\/v2\/pages\/5764\/revisions\/13496"}],"wp:attachment":[{"href":"https:\/\/mdc1060.brussels\/nl\/wp-json\/wp\/v2\/media?parent=5764"}],"curies":[{"name":"wp","href":"https:\/\/api.w.org\/{rel}","templated":true}]}}